{"id":1287,"date":"2023-01-02T16:34:48","date_gmt":"2023-01-02T16:34:48","guid":{"rendered":"https:\/\/cyfsrl.com.ar\/?page_id=1287"},"modified":"2023-01-02T21:02:18","modified_gmt":"2023-01-02T21:02:18","slug":"politica-de-calidad-seguridad-y-salud-ocupacional-y-medio-ambiente","status":"publish","type":"page","link":"https:\/\/cyfsrl.com.ar\/en\/politica-de-privacidad-cf-s-r-l\/politica-de-calidad-seguridad-y-salud-ocupacional-y-medio-ambiente\/","title":{"rendered":"POL\u00cdTICA DE CALIDAD, SEGURIDAD Y SALUD OCUPACIONAL Y MEDIO AMBIENTE."},"content":{"rendered":"<div data-elementor-type=\"wp-page\" data-elementor-id=\"1287\" class=\"elementor elementor-1287\">\n\t\t\t\t\t\t<section class=\"elementor-section elementor-top-section elementor-element elementor-element-f05f555 elementor-section-height-min-height elementor-section-boxed elementor-section-height-default elementor-section-items-middle\" data-id=\"f05f555\" data-element_type=\"section\" data-e-type=\"section\" data-settings=\"{&quot;background_background&quot;:&quot;classic&quot;}\">\n\t\t\t\t\t\t<div class=\"elementor-container elementor-column-gap-default\">\n\t\t\t\t\t<div class=\"elementor-column elementor-col-100 elementor-top-column elementor-element elementor-element-2457b9c\" data-id=\"2457b9c\" data-element_type=\"column\" data-e-type=\"column\">\n\t\t\t<div class=\"elementor-widget-wrap\">\n\t\t\t\t\t\t\t<\/div>\n\t\t<\/div>\n\t\t\t\t\t<\/div>\n\t\t<\/section>\n\t\t\t\t<section class=\"elementor-section elementor-top-section elementor-element elementor-element-611d95c2 elementor-section-full_width elementor-section-height-default elementor-section-height-default\" data-id=\"611d95c2\" data-element_type=\"section\" data-e-type=\"section\">\n\t\t\t\t\t\t<div class=\"elementor-container elementor-column-gap-default\">\n\t\t\t\t\t<div class=\"elementor-column elementor-col-100 elementor-top-column elementor-element elementor-element-44f87add\" data-id=\"44f87add\" data-element_type=\"column\" data-e-type=\"column\">\n\t\t\t<div class=\"elementor-widget-wrap elementor-element-populated\">\n\t\t\t\t\t\t<div class=\"elementor-element elementor-element-d356a33 elementor-widget elementor-widget-heading\" data-id=\"d356a33\" data-element_type=\"widget\" data-e-type=\"widget\" data-widget_type=\"heading.default\">\n\t\t\t\t<div class=\"elementor-widget-container\">\n\t\t\t\t\t<h2 class=\"elementor-heading-title elementor-size-default\">POL\u00cdTICA DE CALIDAD, SEGURIDAD Y SALUD OCUPACIONAL Y MEDIO AMBIENTE.\n<\/h2>\t\t\t\t<\/div>\n\t\t\t\t<\/div>\n\t\t\t\t<div class=\"elementor-element elementor-element-64d093b7 elementor-widget elementor-widget-text-editor\" data-id=\"64d093b7\" data-element_type=\"widget\" data-e-type=\"widget\" data-widget_type=\"text-editor.default\">\n\t\t\t\t<div class=\"elementor-widget-container\">\n\t\t\t\t\t\t\t\t\t\n<p>C&amp;F tiene el prop\u00f3sito de ser identificada, en imagen y de hecho, como una empresa prestadora de servicios destinados a:<\/p>\n\n\n\n<p>SATISFACER LOS REQUERIMIENTOS Y EXIGENCIAS DE SUS CLIENTES.<\/p>\n\n\n\n<p>Esta pol\u00edtica est\u00e1 sustentada, entre otros, en un Sistema de Gesti\u00f3n de la Calidad basado en la norma ISO 9001 vigente que es el soporte para alcanzar la mejora continua de nuestros procesos y servicios.<\/p>\n\n\n\n<p>El compromiso de todo el personal con este lineamiento,&nbsp; sumado al de cumplir los requisitos aplicables, garantiza a C&amp;F la fidelidad de su clientela y una presencia competitiva en el mercado.&nbsp;<\/p>\n\n\n\n<p>C&amp;F, promueve la protecci\u00f3n del medio ambiente y previene su contaminaci\u00f3n en cada una de las actividades que realiza.<\/p>\n\n\n\n<p>C&amp;F, se compromete a cumplir con las leyes, regulaciones y requisitos aplicables en materia de Seguridad y Salud Ocupacional y Medio Ambiente.&nbsp;<\/p>\n\n\n\n<p>La Direcci\u00f3n de la empresa, con la autoridad que le compete, asegura que el Sistema de Gesti\u00f3n de la Calidad, Seguridad y Salud Ocupacional y Medio Ambiente, se conoce y aplica en todos los niveles de la Organizaci\u00f3n dentro del marco de la Pol\u00edtica aqu\u00ed establecida.<\/p>\n\n\n\n<p><strong>Pol\u00edticas actualizadas al 02\/01\/2023 en la Ciudad de Buenos Aires, Argentina.<\/strong><\/p>\n\n\n\n<p class=\"has-black-color has-text-color\"><strong>LA DIRECCI\u00d3N<\/strong><\/p>\n\t\t\t\t\t\t\t\t<\/div>\n\t\t\t\t<\/div>\n\t\t\t\t\t<\/div>\n\t\t<\/div>\n\t\t\t\t\t<\/div>\n\t\t<\/section>\n\t\t\t\t<\/div>","protected":false},"excerpt":{"rendered":"<p>POL\u00cdTICA DE CALIDAD, SEGURIDAD Y SALUD OCUPACIONAL Y MEDIO AMBIENTE. C&amp;F tiene el prop\u00f3sito de ser identificada, en imagen y de hecho, como una empresa prestadora de servicios destinados a: SATISFACER LOS REQUERIMIENTOS Y EXIGENCIAS DE SUS CLIENTES. Esta pol\u00edtica est\u00e1 sustentada, entre otros, en un Sistema de Gesti\u00f3n de la Calidad basado en la [&hellip;]<\/p>\n","protected":false},"author":2,"featured_media":0,"parent":767,"menu_order":0,"comment_status":"closed","ping_status":"closed","template":"","meta":{"footnotes":""},"class_list":["post-1287","page","type-page","status-publish","hentry"],"yoast_head":"<!-- This site is optimized with the Yoast SEO plugin v27.0 - https:\/\/yoast.com\/product\/yoast-seo-wordpress\/ -->\n<title>POL\u00cdTICA DE CALIDAD, SEGURIDAD Y SALUD OCUPACIONAL Y MEDIO AMBIENTE. - C&amp;F S.R.L.<\/title>\n<meta name=\"robots\" content=\"index, follow, max-snippet:-1, max-image-preview:large, max-video-preview:-1\" \/>\n<link rel=\"canonical\" href=\"https:\/\/cyfsrl.com.ar\/en\/politica-de-privacidad-cf-s-r-l\/politica-de-calidad-seguridad-y-salud-ocupacional-y-medio-ambiente\/\" \/>\n<meta property=\"og:locale\" content=\"en_US\" \/>\n<meta property=\"og:type\" content=\"article\" \/>\n<meta property=\"og:title\" content=\"POL\u00cdTICA DE CALIDAD, SEGURIDAD Y SALUD OCUPACIONAL Y MEDIO AMBIENTE. - C&amp;F S.R.L.\" \/>\n<meta property=\"og:description\" content=\"POL\u00cdTICA DE CALIDAD, SEGURIDAD Y SALUD OCUPACIONAL Y MEDIO AMBIENTE. C&amp;F tiene el prop\u00f3sito de ser identificada, en imagen y de hecho, como una empresa prestadora de servicios destinados a: SATISFACER LOS REQUERIMIENTOS Y EXIGENCIAS DE SUS CLIENTES. Esta pol\u00edtica est\u00e1 sustentada, entre otros, en un Sistema de Gesti\u00f3n de la Calidad basado en la [&hellip;]\" \/>\n<meta property=\"og:url\" content=\"https:\/\/cyfsrl.com.ar\/en\/politica-de-privacidad-cf-s-r-l\/politica-de-calidad-seguridad-y-salud-ocupacional-y-medio-ambiente\/\" \/>\n<meta property=\"og:site_name\" content=\"C&amp;F S.R.L.\" \/>\n<meta property=\"article:modified_time\" content=\"2023-01-02T21:02:18+00:00\" \/>\n<meta name=\"twitter:card\" content=\"summary_large_image\" \/>\n<meta name=\"twitter:label1\" content=\"Est. reading time\" \/>\n\t<meta name=\"twitter:data1\" content=\"1 minute\" \/>\n<script type=\"application\/ld+json\" class=\"yoast-schema-graph\">{\"@context\":\"https:\/\/schema.org\",\"@graph\":[{\"@type\":\"WebPage\",\"@id\":\"https:\/\/cyfsrl.com.ar\/politica-de-privacidad-cf-s-r-l\/politica-de-calidad-seguridad-y-salud-ocupacional-y-medio-ambiente\/\",\"url\":\"https:\/\/cyfsrl.com.ar\/politica-de-privacidad-cf-s-r-l\/politica-de-calidad-seguridad-y-salud-ocupacional-y-medio-ambiente\/\",\"name\":\"POL\u00cdTICA DE CALIDAD, SEGURIDAD Y SALUD OCUPACIONAL Y MEDIO AMBIENTE. - C&amp;F S.R.L.\",\"isPartOf\":{\"@id\":\"https:\/\/cyfsrl.com.ar\/#website\"},\"datePublished\":\"2023-01-02T16:34:48+00:00\",\"dateModified\":\"2023-01-02T21:02:18+00:00\",\"breadcrumb\":{\"@id\":\"https:\/\/cyfsrl.com.ar\/politica-de-privacidad-cf-s-r-l\/politica-de-calidad-seguridad-y-salud-ocupacional-y-medio-ambiente\/#breadcrumb\"},\"inLanguage\":\"en-US\",\"potentialAction\":[{\"@type\":\"ReadAction\",\"target\":[\"https:\/\/cyfsrl.com.ar\/politica-de-privacidad-cf-s-r-l\/politica-de-calidad-seguridad-y-salud-ocupacional-y-medio-ambiente\/\"]}]},{\"@type\":\"BreadcrumbList\",\"@id\":\"https:\/\/cyfsrl.com.ar\/politica-de-privacidad-cf-s-r-l\/politica-de-calidad-seguridad-y-salud-ocupacional-y-medio-ambiente\/#breadcrumb\",\"itemListElement\":[{\"@type\":\"ListItem\",\"position\":1,\"name\":\"Portada\",\"item\":\"https:\/\/cyfsrl.com.ar\/\"},{\"@type\":\"ListItem\",\"position\":2,\"name\":\"Pol\u00edtica de privacidad C&#038;F S.R.L.\",\"item\":\"https:\/\/cyfsrl.com.ar\/politica-de-privacidad-cf-s-r-l\/\"},{\"@type\":\"ListItem\",\"position\":3,\"name\":\"POL\u00cdTICA DE CALIDAD, SEGURIDAD Y SALUD OCUPACIONAL Y MEDIO AMBIENTE.\"}]},{\"@type\":\"WebSite\",\"@id\":\"https:\/\/cyfsrl.com.ar\/#website\",\"url\":\"https:\/\/cyfsrl.com.ar\/\",\"name\":\"C&amp;F S.R.L.\",\"description\":\"\",\"publisher\":{\"@id\":\"https:\/\/cyfsrl.com.ar\/#organization\"},\"potentialAction\":[{\"@type\":\"SearchAction\",\"target\":{\"@type\":\"EntryPoint\",\"urlTemplate\":\"https:\/\/cyfsrl.com.ar\/?s={search_term_string}\"},\"query-input\":{\"@type\":\"PropertyValueSpecification\",\"valueRequired\":true,\"valueName\":\"search_term_string\"}}],\"inLanguage\":\"en-US\"},{\"@type\":\"Organization\",\"@id\":\"https:\/\/cyfsrl.com.ar\/#organization\",\"name\":\"C&amp;F S.R.L.\",\"url\":\"https:\/\/cyfsrl.com.ar\/\",\"logo\":{\"@type\":\"ImageObject\",\"inLanguage\":\"en-US\",\"@id\":\"https:\/\/cyfsrl.com.ar\/#\/schema\/logo\/image\/\",\"url\":\"https:\/\/cyfsrl.com.ar\/wp-content\/uploads\/2021\/11\/NOV-33-scaled.png\",\"contentUrl\":\"https:\/\/cyfsrl.com.ar\/wp-content\/uploads\/2021\/11\/NOV-33-scaled.png\",\"width\":2560,\"height\":1194,\"caption\":\"C&amp;F S.R.L.\"},\"image\":{\"@id\":\"https:\/\/cyfsrl.com.ar\/#\/schema\/logo\/image\/\"}}]}<\/script>\n<!-- \/ Yoast SEO plugin. -->","yoast_head_json":{"title":"POL\u00cdTICA DE CALIDAD, SEGURIDAD Y SALUD OCUPACIONAL Y MEDIO AMBIENTE. - C&amp;F S.R.L.","robots":{"index":"index","follow":"follow","max-snippet":"max-snippet:-1","max-image-preview":"max-image-preview:large","max-video-preview":"max-video-preview:-1"},"canonical":"https:\/\/cyfsrl.com.ar\/en\/politica-de-privacidad-cf-s-r-l\/politica-de-calidad-seguridad-y-salud-ocupacional-y-medio-ambiente\/","og_locale":"en_US","og_type":"article","og_title":"POL\u00cdTICA DE CALIDAD, SEGURIDAD Y SALUD OCUPACIONAL Y MEDIO AMBIENTE. - C&amp;F S.R.L.","og_description":"POL\u00cdTICA DE CALIDAD, SEGURIDAD Y SALUD OCUPACIONAL Y MEDIO AMBIENTE. C&amp;F tiene el prop\u00f3sito de ser identificada, en imagen y de hecho, como una empresa prestadora de servicios destinados a: SATISFACER LOS REQUERIMIENTOS Y EXIGENCIAS DE SUS CLIENTES. Esta pol\u00edtica est\u00e1 sustentada, entre otros, en un Sistema de Gesti\u00f3n de la Calidad basado en la [&hellip;]","og_url":"https:\/\/cyfsrl.com.ar\/en\/politica-de-privacidad-cf-s-r-l\/politica-de-calidad-seguridad-y-salud-ocupacional-y-medio-ambiente\/","og_site_name":"C&amp;F S.R.L.","article_modified_time":"2023-01-02T21:02:18+00:00","twitter_card":"summary_large_image","twitter_misc":{"Est. reading time":"1 minute"},"schema":{"@context":"https:\/\/schema.org","@graph":[{"@type":"WebPage","@id":"https:\/\/cyfsrl.com.ar\/politica-de-privacidad-cf-s-r-l\/politica-de-calidad-seguridad-y-salud-ocupacional-y-medio-ambiente\/","url":"https:\/\/cyfsrl.com.ar\/politica-de-privacidad-cf-s-r-l\/politica-de-calidad-seguridad-y-salud-ocupacional-y-medio-ambiente\/","name":"POL\u00cdTICA DE CALIDAD, SEGURIDAD Y SALUD OCUPACIONAL Y MEDIO AMBIENTE. - C&amp;F S.R.L.","isPartOf":{"@id":"https:\/\/cyfsrl.com.ar\/#website"},"datePublished":"2023-01-02T16:34:48+00:00","dateModified":"2023-01-02T21:02:18+00:00","breadcrumb":{"@id":"https:\/\/cyfsrl.com.ar\/politica-de-privacidad-cf-s-r-l\/politica-de-calidad-seguridad-y-salud-ocupacional-y-medio-ambiente\/#breadcrumb"},"inLanguage":"en-US","potentialAction":[{"@type":"ReadAction","target":["https:\/\/cyfsrl.com.ar\/politica-de-privacidad-cf-s-r-l\/politica-de-calidad-seguridad-y-salud-ocupacional-y-medio-ambiente\/"]}]},{"@type":"BreadcrumbList","@id":"https:\/\/cyfsrl.com.ar\/politica-de-privacidad-cf-s-r-l\/politica-de-calidad-seguridad-y-salud-ocupacional-y-medio-ambiente\/#breadcrumb","itemListElement":[{"@type":"ListItem","position":1,"name":"Portada","item":"https:\/\/cyfsrl.com.ar\/"},{"@type":"ListItem","position":2,"name":"Pol\u00edtica de privacidad C&#038;F S.R.L.","item":"https:\/\/cyfsrl.com.ar\/politica-de-privacidad-cf-s-r-l\/"},{"@type":"ListItem","position":3,"name":"POL\u00cdTICA DE CALIDAD, SEGURIDAD Y SALUD OCUPACIONAL Y MEDIO AMBIENTE."}]},{"@type":"WebSite","@id":"https:\/\/cyfsrl.com.ar\/#website","url":"https:\/\/cyfsrl.com.ar\/","name":"C&amp;F S.R.L.","description":"","publisher":{"@id":"https:\/\/cyfsrl.com.ar\/#organization"},"potentialAction":[{"@type":"SearchAction","target":{"@type":"EntryPoint","urlTemplate":"https:\/\/cyfsrl.com.ar\/?s={search_term_string}"},"query-input":{"@type":"PropertyValueSpecification","valueRequired":true,"valueName":"search_term_string"}}],"inLanguage":"en-US"},{"@type":"Organization","@id":"https:\/\/cyfsrl.com.ar\/#organization","name":"C&amp;F S.R.L.","url":"https:\/\/cyfsrl.com.ar\/","logo":{"@type":"ImageObject","inLanguage":"en-US","@id":"https:\/\/cyfsrl.com.ar\/#\/schema\/logo\/image\/","url":"https:\/\/cyfsrl.com.ar\/wp-content\/uploads\/2021\/11\/NOV-33-scaled.png","contentUrl":"https:\/\/cyfsrl.com.ar\/wp-content\/uploads\/2021\/11\/NOV-33-scaled.png","width":2560,"height":1194,"caption":"C&amp;F S.R.L."},"image":{"@id":"https:\/\/cyfsrl.com.ar\/#\/schema\/logo\/image\/"}}]}},"_links":{"self":[{"href":"https:\/\/cyfsrl.com.ar\/en\/wp-json\/wp\/v2\/pages\/1287","targetHints":{"allow":["GET"]}}],"collection":[{"href":"https:\/\/cyfsrl.com.ar\/en\/wp-json\/wp\/v2\/pages"}],"about":[{"href":"https:\/\/cyfsrl.com.ar\/en\/wp-json\/wp\/v2\/types\/page"}],"author":[{"embeddable":true,"href":"https:\/\/cyfsrl.com.ar\/en\/wp-json\/wp\/v2\/users\/2"}],"replies":[{"embeddable":true,"href":"https:\/\/cyfsrl.com.ar\/en\/wp-json\/wp\/v2\/comments?post=1287"}],"version-history":[{"count":8,"href":"https:\/\/cyfsrl.com.ar\/en\/wp-json\/wp\/v2\/pages\/1287\/revisions"}],"predecessor-version":[{"id":1300,"href":"https:\/\/cyfsrl.com.ar\/en\/wp-json\/wp\/v2\/pages\/1287\/revisions\/1300"}],"up":[{"embeddable":true,"href":"https:\/\/cyfsrl.com.ar\/en\/wp-json\/wp\/v2\/pages\/767"}],"wp:attachment":[{"href":"https:\/\/cyfsrl.com.ar\/en\/wp-json\/wp\/v2\/media?parent=1287"}],"curies":[{"name":"wp","href":"https:\/\/api.w.org\/{rel}","templated":true}]}}