{"id":1537,"date":"2026-01-02T15:06:22","date_gmt":"2026-01-02T15:06:22","guid":{"rendered":"https:\/\/cyfsrl.com.ar\/?page_id=1537"},"modified":"2026-03-04T16:45:22","modified_gmt":"2026-03-04T16:45:22","slug":"contacto","status":"publish","type":"page","link":"https:\/\/cyfsrl.com.ar\/en\/contacto\/","title":{"rendered":"Contact"},"content":{"rendered":"\t\t<div data-elementor-type=\"wp-page\" data-elementor-id=\"1537\" class=\"elementor elementor-1537\">\n\t\t\t\t\t\t<section class=\"elementor-section elementor-top-section elementor-element elementor-element-f568c58 elementor-section-height-full elementor-section-boxed elementor-section-height-default elementor-section-items-middle\" data-id=\"f568c58\" data-element_type=\"section\" data-e-type=\"section\" data-settings=\"{&quot;background_background&quot;:&quot;classic&quot;}\">\n\t\t\t\t\t\t<div class=\"elementor-container elementor-column-gap-default\">\n\t\t\t\t\t<div class=\"elementor-column elementor-col-100 elementor-top-column elementor-element elementor-element-423126f\" data-id=\"423126f\" data-element_type=\"column\" data-e-type=\"column\">\n\t\t\t<div class=\"elementor-widget-wrap elementor-element-populated\">\n\t\t\t\t\t\t<div class=\"elementor-element elementor-element-0d49fbb elementor-widget elementor-widget-heading\" data-id=\"0d49fbb\" data-element_type=\"widget\" data-e-type=\"widget\" data-widget_type=\"heading.default\">\n\t\t\t\t<div class=\"elementor-widget-container\">\n\t\t\t\t\t<h2 class=\"elementor-heading-title elementor-size-default\">Trabaj\u00e1 <br>\ncon nosotros<\/h2>\t\t\t\t<\/div>\n\t\t\t\t<\/div>\n\t\t\t\t<div class=\"elementor-element elementor-element-179c13e elementor-widget-divider--view-line elementor-widget elementor-widget-divider\" data-id=\"179c13e\" data-element_type=\"widget\" data-e-type=\"widget\" data-widget_type=\"divider.default\">\n\t\t\t\t<div class=\"elementor-widget-container\">\n\t\t\t\t\t\t\t<div class=\"elementor-divider\">\n\t\t\t<span class=\"elementor-divider-separator\">\n\t\t\t\t\t\t<\/span>\n\t\t<\/div>\n\t\t\t\t\t\t<\/div>\n\t\t\t\t<\/div>\n\t\t\t\t<section class=\"elementor-section elementor-inner-section elementor-element elementor-element-a0883b1 elementor-section-boxed elementor-section-height-default elementor-section-height-default\" data-id=\"a0883b1\" data-element_type=\"section\" data-e-type=\"section\">\n\t\t\t\t\t\t<div class=\"elementor-container elementor-column-gap-no\">\n\t\t\t\t\t<div class=\"elementor-column elementor-col-33 elementor-inner-column elementor-element elementor-element-ef30866\" data-id=\"ef30866\" data-element_type=\"column\" data-e-type=\"column\">\n\t\t\t<div class=\"elementor-widget-wrap elementor-element-populated\">\n\t\t\t\t\t\t<div class=\"elementor-element elementor-element-69d1318 elementor-view-stacked elementor-shape-square elementor-widget elementor-widget-icon\" data-id=\"69d1318\" data-element_type=\"widget\" data-e-type=\"widget\" data-widget_type=\"icon.default\">\n\t\t\t\t<div class=\"elementor-widget-container\">\n\t\t\t\t\t\t\t<div class=\"elementor-icon-wrapper\">\n\t\t\t<div class=\"elementor-icon\">\n\t\t\t<i aria-hidden=\"true\" class=\"fas fa-arrow-down\"><\/i>\t\t\t<\/div>\n\t\t<\/div>\n\t\t\t\t\t\t<\/div>\n\t\t\t\t<\/div>\n\t\t\t\t\t<\/div>\n\t\t<\/div>\n\t\t\t\t<div class=\"elementor-column elementor-col-66 elementor-inner-column elementor-element elementor-element-f73345f\" data-id=\"f73345f\" data-element_type=\"column\" data-e-type=\"column\">\n\t\t\t<div class=\"elementor-widget-wrap elementor-element-populated\">\n\t\t\t\t\t\t<div class=\"elementor-element elementor-element-c5fa541 elementor-widget elementor-widget-heading\" data-id=\"c5fa541\" data-element_type=\"widget\" data-e-type=\"widget\" data-widget_type=\"heading.default\">\n\t\t\t\t<div class=\"elementor-widget-container\">\n\t\t\t\t\t<h6 class=\"elementor-heading-title elementor-size-default\">Somos una empresa l\u00edder en <b>Comercio Exterior<\/b> con m\u00e1s de <b>30 a\u00f1os de experiencia<\/b><\/h6>\t\t\t\t<\/div>\n\t\t\t\t<\/div>\n\t\t\t\t\t<\/div>\n\t\t<\/div>\n\t\t\t\t\t<\/div>\n\t\t<\/section>\n\t\t\t\t\t<\/div>\n\t\t<\/div>\n\t\t\t\t\t<\/div>\n\t\t<\/section>\n\t\t\t\t<section class=\"elementor-section elementor-top-section elementor-element elementor-element-c60e255 elementor-section-full_width elementor-section-height-default elementor-section-height-default\" data-id=\"c60e255\" data-element_type=\"section\" data-e-type=\"section\">\n\t\t\t\t\t\t<div class=\"elementor-container elementor-column-gap-no\">\n\t\t\t\t\t<div class=\"elementor-column elementor-col-100 elementor-top-column elementor-element elementor-element-cd8cc19\" data-id=\"cd8cc19\" data-element_type=\"column\" data-e-type=\"column\">\n\t\t\t<div class=\"elementor-widget-wrap elementor-element-populated\">\n\t\t\t\t\t\t<div class=\"elementor-element elementor-element-07580c9 elementor-widget elementor-widget-image\" data-id=\"07580c9\" data-element_type=\"widget\" data-e-type=\"widget\" data-widget_type=\"image.default\">\n\t\t\t\t<div class=\"elementor-widget-container\">\n\t\t\t\t\t\t\t\t\t\t\t\t\t\t\t<img decoding=\"async\" src=\"https:\/\/cyfsrl.com.ar\/wp-content\/uploads\/2026\/01\/oficina.png\" title=\"oficina\" alt=\"oficina\" loading=\"lazy\" \/>\t\t\t\t\t\t\t\t\t\t\t\t\t\t\t<\/div>\n\t\t\t\t<\/div>\n\t\t\t\t\t<\/div>\n\t\t<\/div>\n\t\t\t\t\t<\/div>\n\t\t<\/section>\n\t\t\t\t<section class=\"elementor-section elementor-top-section elementor-element elementor-element-67015f83 elementor-section-boxed elementor-section-height-default elementor-section-height-default\" data-id=\"67015f83\" data-element_type=\"section\" data-e-type=\"section\" data-settings=\"{&quot;background_background&quot;:&quot;classic&quot;}\">\n\t\t\t\t\t\t<div class=\"elementor-container elementor-column-gap-default\">\n\t\t\t\t\t<div class=\"elementor-column elementor-col-100 elementor-top-column elementor-element elementor-element-42f28f4f\" data-id=\"42f28f4f\" data-element_type=\"column\" data-e-type=\"column\">\n\t\t\t<div class=\"elementor-widget-wrap elementor-element-populated\">\n\t\t\t\t\t\t<div class=\"elementor-element elementor-element-4226c58 elementor-widget elementor-widget-heading\" data-id=\"4226c58\" data-element_type=\"widget\" data-e-type=\"widget\" data-widget_type=\"heading.default\">\n\t\t\t\t<div class=\"elementor-widget-container\">\n\t\t\t\t\t<h2 class=\"elementor-heading-title elementor-size-default\">Contactanos<\/h2>\t\t\t\t<\/div>\n\t\t\t\t<\/div>\n\t\t\t\t<div class=\"elementor-element elementor-element-48f776b5 elementor-widget-divider--view-line elementor-widget elementor-widget-divider\" data-id=\"48f776b5\" data-element_type=\"widget\" data-e-type=\"widget\" data-widget_type=\"divider.default\">\n\t\t\t\t<div class=\"elementor-widget-container\">\n\t\t\t\t\t\t\t<div class=\"elementor-divider\">\n\t\t\t<span class=\"elementor-divider-separator\">\n\t\t\t\t\t\t<\/span>\n\t\t<\/div>\n\t\t\t\t\t\t<\/div>\n\t\t\t\t<\/div>\n\t\t\t\t\t<\/div>\n\t\t<\/div>\n\t\t\t\t\t<\/div>\n\t\t<\/section>\n\t\t\t\t<section class=\"elementor-section elementor-top-section elementor-element elementor-element-474c9fc5 elementor-section-boxed elementor-section-height-default elementor-section-height-default\" data-id=\"474c9fc5\" data-element_type=\"section\" data-e-type=\"section\" data-settings=\"{&quot;background_background&quot;:&quot;classic&quot;}\">\n\t\t\t\t\t\t<div class=\"elementor-container elementor-column-gap-default\">\n\t\t\t\t\t<div class=\"elementor-column elementor-col-33 elementor-top-column elementor-element elementor-element-520185fe\" data-id=\"520185fe\" data-element_type=\"column\" data-e-type=\"column\">\n\t\t\t<div class=\"elementor-widget-wrap elementor-element-populated\">\n\t\t\t\t\t\t<div class=\"elementor-element elementor-element-7dd59a3 elementor-widget elementor-widget-text-editor\" data-id=\"7dd59a3\" data-element_type=\"widget\" data-e-type=\"widget\" data-widget_type=\"text-editor.default\">\n\t\t\t\t<div class=\"elementor-widget-container\">\n\t\t\t\t\t\t\t\t\t<p>Envianos tu CV<\/p>\t\t\t\t\t\t\t\t<\/div>\n\t\t\t\t<\/div>\n\t\t\t\t<div class=\"elementor-element elementor-element-1a81ce4e elementor-widget elementor-widget-text-editor\" data-id=\"1a81ce4e\" data-element_type=\"widget\" data-e-type=\"widget\" data-widget_type=\"text-editor.default\">\n\t\t\t\t<div class=\"elementor-widget-container\">\n\t\t\t\t\t\t\t\t\t<p>RRHH<\/p>\t\t\t\t\t\t\t\t<\/div>\n\t\t\t\t<\/div>\n\t\t\t\t<div class=\"elementor-element elementor-element-340f6ca5 elementor-widget elementor-widget-text-editor\" data-id=\"340f6ca5\" data-element_type=\"widget\" data-e-type=\"widget\" data-widget_type=\"text-editor.default\">\n\t\t\t\t<div class=\"elementor-widget-container\">\n\t\t\t\t\t\t\t\t\t<a href=\"mailto:info@cyfsrl.com.ar\"><span style=\"font-weight: 400; color: #043582;\">info@cyfsrl.com.ar<\/span><\/a>\t\t\t\t\t\t\t\t<\/div>\n\t\t\t\t<\/div>\n\t\t\t\t<div class=\"elementor-element elementor-element-7526a26 elementor-widget elementor-widget-text-editor\" data-id=\"7526a26\" data-element_type=\"widget\" data-e-type=\"widget\" data-widget_type=\"text-editor.default\">\n\t\t\t\t<div class=\"elementor-widget-container\">\n\t\t\t\t\t\t\t\t\t<a href=\"mailto:rrhh@cyfsrl.com.ar\"><span style=\"font-weight: 400; color: #043582;\">rrhh@cyfsrl.com.ar<\/span><\/a>\t\t\t\t\t\t\t\t<\/div>\n\t\t\t\t<\/div>\n\t\t\t\t\t<\/div>\n\t\t<\/div>\n\t\t\t\t<div class=\"elementor-column elementor-col-66 elementor-top-column elementor-element elementor-element-76427af8\" data-id=\"76427af8\" data-element_type=\"column\" data-e-type=\"column\">\n\t\t\t<div class=\"elementor-widget-wrap elementor-element-populated\">\n\t\t\t\t\t\t<div class=\"elementor-element elementor-element-76488c9c elementor-button-align-stretch elementor-widget elementor-widget-form\" data-id=\"76488c9c\" data-element_type=\"widget\" data-e-type=\"widget\" data-settings=\"{&quot;step_next_label&quot;:&quot;Next&quot;,&quot;step_previous_label&quot;:&quot;Previous&quot;,&quot;button_width&quot;:&quot;100&quot;,&quot;step_type&quot;:&quot;number_text&quot;,&quot;step_icon_shape&quot;:&quot;circle&quot;}\" data-widget_type=\"form.default\">\n\t\t\t\t<div class=\"elementor-widget-container\">\n\t\t\t\t\t\t\t<form class=\"elementor-form\" method=\"post\" name=\"New Form\">\n\t\t\t<input type=\"hidden\" name=\"post_id\" value=\"1537\"\/>\n\t\t\t<input type=\"hidden\" name=\"form_id\" value=\"76488c9c\"\/>\n\t\t\t<input type=\"hidden\" name=\"referer_title\" value=\"C&amp;F S.R.L.\" \/>\n\n\t\t\t\n\t\t\t<div class=\"elementor-form-fields-wrapper elementor-labels-\">\n\t\t\t\t\t\t\t\t<div class=\"elementor-field-type-text elementor-field-group elementor-column elementor-field-group-name elementor-col-50\">\n\t\t\t\t\t\t\t\t\t\t\t\t<label for=\"form-field-name\" class=\"elementor-field-label elementor-screen-only\">\n\t\t\t\t\t\t\t\tNombre\t\t\t\t\t\t\t<\/label>\n\t\t\t\t\t\t\t\t\t\t\t\t\t\t<input size=\"1\" type=\"text\" name=\"form_fields[name]\" id=\"form-field-name\" class=\"elementor-field elementor-size-xs  elementor-field-textual\" placeholder=\"Nombre\">\n\t\t\t\t\t\t\t\t\t\t\t<\/div>\n\t\t\t\t\t\t\t\t<div class=\"elementor-field-type-text elementor-field-group elementor-column elementor-field-group-field_426182e elementor-col-50\">\n\t\t\t\t\t\t\t\t\t\t\t\t<label for=\"form-field-field_426182e\" class=\"elementor-field-label elementor-screen-only\">\n\t\t\t\t\t\t\t\tApellido\t\t\t\t\t\t\t<\/label>\n\t\t\t\t\t\t\t\t\t\t\t\t\t\t<input size=\"1\" type=\"text\" name=\"form_fields[field_426182e]\" id=\"form-field-field_426182e\" class=\"elementor-field elementor-size-xs  elementor-field-textual\" placeholder=\"Apellido\">\n\t\t\t\t\t\t\t\t\t\t\t<\/div>\n\t\t\t\t\t\t\t\t<div class=\"elementor-field-type-email elementor-field-group elementor-column elementor-field-group-email elementor-col-50 elementor-field-required\">\n\t\t\t\t\t\t\t\t\t\t\t\t<label for=\"form-field-email\" class=\"elementor-field-label elementor-screen-only\">\n\t\t\t\t\t\t\t\tEmail\t\t\t\t\t\t\t<\/label>\n\t\t\t\t\t\t\t\t\t\t\t\t\t\t<input size=\"1\" type=\"email\" name=\"form_fields[email]\" id=\"form-field-email\" class=\"elementor-field elementor-size-xs  elementor-field-textual\" placeholder=\"Email\" required=\"required\" aria-required=\"true\">\n\t\t\t\t\t\t\t\t\t\t\t<\/div>\n\t\t\t\t\t\t\t\t<div class=\"elementor-field-type-text elementor-field-group elementor-column elementor-field-group-field_ca62fca elementor-col-50\">\n\t\t\t\t\t\t\t\t\t\t\t\t<label for=\"form-field-field_ca62fca\" class=\"elementor-field-label elementor-screen-only\">\n\t\t\t\t\t\t\t\tDirecci\u00f3n \t\t\t\t\t\t\t<\/label>\n\t\t\t\t\t\t\t\t\t\t\t\t\t\t<input size=\"1\" type=\"text\" name=\"form_fields[field_ca62fca]\" id=\"form-field-field_ca62fca\" class=\"elementor-field elementor-size-xs  elementor-field-textual\" placeholder=\"Direcci\u00f3n \">\n\t\t\t\t\t\t\t\t\t\t\t<\/div>\n\t\t\t\t\t\t\t\t<div class=\"elementor-field-type-text elementor-field-group elementor-column elementor-field-group-field_8467f5d elementor-col-100\">\n\t\t\t\t\t\t\t\t\t\t\t\t<label for=\"form-field-field_8467f5d\" class=\"elementor-field-label elementor-screen-only\">\n\t\t\t\t\t\t\t\tCargo \t\t\t\t\t\t\t<\/label>\n\t\t\t\t\t\t\t\t\t\t\t\t\t\t<input size=\"1\" type=\"text\" name=\"form_fields[field_8467f5d]\" id=\"form-field-field_8467f5d\" class=\"elementor-field elementor-size-xs  elementor-field-textual\" placeholder=\"Cargo\">\n\t\t\t\t\t\t\t\t\t\t\t<\/div>\n\t\t\t\t\t\t\t\t<div class=\"elementor-field-type-textarea elementor-field-group elementor-column elementor-field-group-message elementor-col-100\">\n\t\t\t\t\t\t\t\t\t\t\t\t<label for=\"form-field-message\" class=\"elementor-field-label elementor-screen-only\">\n\t\t\t\t\t\t\t\tMensaje\t\t\t\t\t\t\t<\/label>\n\t\t\t\t\t\t<textarea class=\"elementor-field-textual elementor-field  elementor-size-xs\" name=\"form_fields[message]\" id=\"form-field-message\" rows=\"4\" placeholder=\"Mensaje\"><\/textarea>\t\t\t\t<\/div>\n\t\t\t\t\t\t\t\t<div class=\"elementor-field-group elementor-column elementor-field-type-submit elementor-col-100 e-form__buttons\">\n\t\t\t\t\t<button type=\"submit\" class=\"elementor-button elementor-size-sm\">\n\t\t\t\t\t\t<span >\n\t\t\t\t\t\t\t\t\t\t\t\t\t\t\t<span class=\" elementor-button-icon\">\n\t\t\t\t\t\t\t\t\t\t\t\t\t\t\t\t\t\t\t\t\t\t\t\t\t\t<\/span>\n\t\t\t\t\t\t\t\t\t\t\t\t\t\t\t\t\t\t\t\t\t\t<span class=\"elementor-button-text\">Enviar<\/span>\n\t\t\t\t\t\t\t\t\t\t\t\t\t<\/span>\n\t\t\t\t\t<\/button>\n\t\t\t\t<\/div>\n\t\t\t<\/div>\n\t\t<\/form>\n\t\t\t\t\t\t<\/div>\n\t\t\t\t<\/div>\n\t\t\t\t\t<\/div>\n\t\t<\/div>\n\t\t\t\t\t<\/div>\n\t\t<\/section>\n\t\t\t\t<\/div>\n\t\t","protected":false},"excerpt":{"rendered":"<p>Trabaj\u00e1 con nosotros Somos una empresa l\u00edder en Comercio Exterior con m\u00e1s de 30 a\u00f1os de experiencia Contactanos Envianos tu CV RRHH info@cyfsrl.com.arrrhh@cyfsrl.com.ar<\/p>","protected":false},"author":2,"featured_media":0,"parent":0,"menu_order":0,"comment_status":"closed","ping_status":"closed","template":"","meta":{"footnotes":""},"class_list":["post-1537","page","type-page","status-publish","hentry"],"yoast_head":"<!-- This site is optimized with the Yoast SEO plugin v27.0 - https:\/\/yoast.com\/product\/yoast-seo-wordpress\/ -->\n<title>Contacto - C&amp;F S.R.L.<\/title>\n<meta name=\"robots\" content=\"index, follow, max-snippet:-1, max-image-preview:large, max-video-preview:-1\" \/>\n<link rel=\"canonical\" href=\"https:\/\/cyfsrl.com.ar\/en\/contacto\/\" \/>\n<meta property=\"og:locale\" content=\"en_US\" \/>\n<meta property=\"og:type\" content=\"article\" \/>\n<meta property=\"og:title\" content=\"Contacto - C&amp;F S.R.L.\" \/>\n<meta property=\"og:description\" content=\"Trabaj\u00e1 con nosotros Somos una empresa l\u00edder en Comercio Exterior con m\u00e1s de 30 a\u00f1os de experiencia Contactanos Envianos tu CV RRHH info@cyfsrl.com.arrrhh@cyfsrl.com.ar\" \/>\n<meta property=\"og:url\" content=\"https:\/\/cyfsrl.com.ar\/en\/contacto\/\" \/>\n<meta property=\"og:site_name\" content=\"C&amp;F S.R.L.\" \/>\n<meta property=\"article:modified_time\" content=\"2026-03-04T16:45:22+00:00\" \/>\n<meta property=\"og:image\" content=\"https:\/\/cyfsrl.com.ar\/wp-content\/uploads\/2026\/01\/oficina.png\" \/>\n<meta name=\"twitter:card\" content=\"summary_large_image\" \/>\n<meta name=\"twitter:label1\" content=\"Est. reading time\" \/>\n\t<meta name=\"twitter:data1\" content=\"1 minute\" \/>\n<script type=\"application\/ld+json\" class=\"yoast-schema-graph\">{\"@context\":\"https:\/\/schema.org\",\"@graph\":[{\"@type\":\"WebPage\",\"@id\":\"https:\/\/cyfsrl.com.ar\/contacto\/\",\"url\":\"https:\/\/cyfsrl.com.ar\/contacto\/\",\"name\":\"Contacto - C&amp;F S.R.L.\",\"isPartOf\":{\"@id\":\"https:\/\/cyfsrl.com.ar\/#website\"},\"primaryImageOfPage\":{\"@id\":\"https:\/\/cyfsrl.com.ar\/contacto\/#primaryimage\"},\"image\":{\"@id\":\"https:\/\/cyfsrl.com.ar\/contacto\/#primaryimage\"},\"thumbnailUrl\":\"https:\/\/cyfsrl.com.ar\/wp-content\/uploads\/2026\/01\/oficina.png\",\"datePublished\":\"2026-01-02T15:06:22+00:00\",\"dateModified\":\"2026-03-04T16:45:22+00:00\",\"breadcrumb\":{\"@id\":\"https:\/\/cyfsrl.com.ar\/contacto\/#breadcrumb\"},\"inLanguage\":\"en-US\",\"potentialAction\":[{\"@type\":\"ReadAction\",\"target\":[\"https:\/\/cyfsrl.com.ar\/contacto\/\"]}]},{\"@type\":\"ImageObject\",\"inLanguage\":\"en-US\",\"@id\":\"https:\/\/cyfsrl.com.ar\/contacto\/#primaryimage\",\"url\":\"https:\/\/cyfsrl.com.ar\/wp-content\/uploads\/2026\/01\/oficina.png\",\"contentUrl\":\"https:\/\/cyfsrl.com.ar\/wp-content\/uploads\/2026\/01\/oficina.png\"},{\"@type\":\"BreadcrumbList\",\"@id\":\"https:\/\/cyfsrl.com.ar\/contacto\/#breadcrumb\",\"itemListElement\":[{\"@type\":\"ListItem\",\"position\":1,\"name\":\"Portada\",\"item\":\"https:\/\/cyfsrl.com.ar\/\"},{\"@type\":\"ListItem\",\"position\":2,\"name\":\"Contacto\"}]},{\"@type\":\"WebSite\",\"@id\":\"https:\/\/cyfsrl.com.ar\/#website\",\"url\":\"https:\/\/cyfsrl.com.ar\/\",\"name\":\"C&amp;F S.R.L.\",\"description\":\"\",\"publisher\":{\"@id\":\"https:\/\/cyfsrl.com.ar\/#organization\"},\"potentialAction\":[{\"@type\":\"SearchAction\",\"target\":{\"@type\":\"EntryPoint\",\"urlTemplate\":\"https:\/\/cyfsrl.com.ar\/?s={search_term_string}\"},\"query-input\":{\"@type\":\"PropertyValueSpecification\",\"valueRequired\":true,\"valueName\":\"search_term_string\"}}],\"inLanguage\":\"en-US\"},{\"@type\":\"Organization\",\"@id\":\"https:\/\/cyfsrl.com.ar\/#organization\",\"name\":\"C&amp;F S.R.L.\",\"url\":\"https:\/\/cyfsrl.com.ar\/\",\"logo\":{\"@type\":\"ImageObject\",\"inLanguage\":\"en-US\",\"@id\":\"https:\/\/cyfsrl.com.ar\/#\/schema\/logo\/image\/\",\"url\":\"https:\/\/cyfsrl.com.ar\/wp-content\/uploads\/2021\/11\/NOV-33-scaled.png\",\"contentUrl\":\"https:\/\/cyfsrl.com.ar\/wp-content\/uploads\/2021\/11\/NOV-33-scaled.png\",\"width\":2560,\"height\":1194,\"caption\":\"C&amp;F S.R.L.\"},\"image\":{\"@id\":\"https:\/\/cyfsrl.com.ar\/#\/schema\/logo\/image\/\"}}]}<\/script>\n<!-- \/ Yoast SEO plugin. -->","yoast_head_json":{"title":"Contacto - C&amp;F S.R.L.","robots":{"index":"index","follow":"follow","max-snippet":"max-snippet:-1","max-image-preview":"max-image-preview:large","max-video-preview":"max-video-preview:-1"},"canonical":"https:\/\/cyfsrl.com.ar\/en\/contacto\/","og_locale":"en_US","og_type":"article","og_title":"Contacto - C&amp;F S.R.L.","og_description":"Trabaj\u00e1 con nosotros Somos una empresa l\u00edder en Comercio Exterior con m\u00e1s de 30 a\u00f1os de experiencia Contactanos Envianos tu CV RRHH info@cyfsrl.com.arrrhh@cyfsrl.com.ar","og_url":"https:\/\/cyfsrl.com.ar\/en\/contacto\/","og_site_name":"C&amp;F S.R.L.","article_modified_time":"2026-03-04T16:45:22+00:00","og_image":[{"url":"https:\/\/cyfsrl.com.ar\/wp-content\/uploads\/2026\/01\/oficina.png","type":"","width":"","height":""}],"twitter_card":"summary_large_image","twitter_misc":{"Est. reading time":"1 minute"},"schema":{"@context":"https:\/\/schema.org","@graph":[{"@type":"WebPage","@id":"https:\/\/cyfsrl.com.ar\/contacto\/","url":"https:\/\/cyfsrl.com.ar\/contacto\/","name":"Contacto - C&amp;F S.R.L.","isPartOf":{"@id":"https:\/\/cyfsrl.com.ar\/#website"},"primaryImageOfPage":{"@id":"https:\/\/cyfsrl.com.ar\/contacto\/#primaryimage"},"image":{"@id":"https:\/\/cyfsrl.com.ar\/contacto\/#primaryimage"},"thumbnailUrl":"https:\/\/cyfsrl.com.ar\/wp-content\/uploads\/2026\/01\/oficina.png","datePublished":"2026-01-02T15:06:22+00:00","dateModified":"2026-03-04T16:45:22+00:00","breadcrumb":{"@id":"https:\/\/cyfsrl.com.ar\/contacto\/#breadcrumb"},"inLanguage":"en-US","potentialAction":[{"@type":"ReadAction","target":["https:\/\/cyfsrl.com.ar\/contacto\/"]}]},{"@type":"ImageObject","inLanguage":"en-US","@id":"https:\/\/cyfsrl.com.ar\/contacto\/#primaryimage","url":"https:\/\/cyfsrl.com.ar\/wp-content\/uploads\/2026\/01\/oficina.png","contentUrl":"https:\/\/cyfsrl.com.ar\/wp-content\/uploads\/2026\/01\/oficina.png"},{"@type":"BreadcrumbList","@id":"https:\/\/cyfsrl.com.ar\/contacto\/#breadcrumb","itemListElement":[{"@type":"ListItem","position":1,"name":"Portada","item":"https:\/\/cyfsrl.com.ar\/"},{"@type":"ListItem","position":2,"name":"Contacto"}]},{"@type":"WebSite","@id":"https:\/\/cyfsrl.com.ar\/#website","url":"https:\/\/cyfsrl.com.ar\/","name":"C&amp;F S.R.L.","description":"","publisher":{"@id":"https:\/\/cyfsrl.com.ar\/#organization"},"potentialAction":[{"@type":"SearchAction","target":{"@type":"EntryPoint","urlTemplate":"https:\/\/cyfsrl.com.ar\/?s={search_term_string}"},"query-input":{"@type":"PropertyValueSpecification","valueRequired":true,"valueName":"search_term_string"}}],"inLanguage":"en-US"},{"@type":"Organization","@id":"https:\/\/cyfsrl.com.ar\/#organization","name":"C&amp;F S.R.L.","url":"https:\/\/cyfsrl.com.ar\/","logo":{"@type":"ImageObject","inLanguage":"en-US","@id":"https:\/\/cyfsrl.com.ar\/#\/schema\/logo\/image\/","url":"https:\/\/cyfsrl.com.ar\/wp-content\/uploads\/2021\/11\/NOV-33-scaled.png","contentUrl":"https:\/\/cyfsrl.com.ar\/wp-content\/uploads\/2021\/11\/NOV-33-scaled.png","width":2560,"height":1194,"caption":"C&amp;F S.R.L."},"image":{"@id":"https:\/\/cyfsrl.com.ar\/#\/schema\/logo\/image\/"}}]}},"_links":{"self":[{"href":"https:\/\/cyfsrl.com.ar\/en\/wp-json\/wp\/v2\/pages\/1537","targetHints":{"allow":["GET"]}}],"collection":[{"href":"https:\/\/cyfsrl.com.ar\/en\/wp-json\/wp\/v2\/pages"}],"about":[{"href":"https:\/\/cyfsrl.com.ar\/en\/wp-json\/wp\/v2\/types\/page"}],"author":[{"embeddable":true,"href":"https:\/\/cyfsrl.com.ar\/en\/wp-json\/wp\/v2\/users\/2"}],"replies":[{"embeddable":true,"href":"https:\/\/cyfsrl.com.ar\/en\/wp-json\/wp\/v2\/comments?post=1537"}],"version-history":[{"count":40,"href":"https:\/\/cyfsrl.com.ar\/en\/wp-json\/wp\/v2\/pages\/1537\/revisions"}],"predecessor-version":[{"id":2018,"href":"https:\/\/cyfsrl.com.ar\/en\/wp-json\/wp\/v2\/pages\/1537\/revisions\/2018"}],"wp:attachment":[{"href":"https:\/\/cyfsrl.com.ar\/en\/wp-json\/wp\/v2\/media?parent=1537"}],"curies":[{"name":"wp","href":"https:\/\/api.w.org\/{rel}","templated":true}]}}