{"id":2,"date":"2013-11-06T11:55:36","date_gmt":"2013-11-06T11:55:36","guid":{"rendered":"http:\/\/cyfsrl.com.ar\/\/?page_id=2"},"modified":"2013-11-06T11:55:36","modified_gmt":"2013-11-06T11:55:36","slug":"pagina-ejemplo","status":"publish","type":"page","link":"https:\/\/cyfsrl.com.ar\/en\/pagina-ejemplo\/","title":{"rendered":"P\u00e1gina de ejemplo"},"content":{"rendered":"<p>Esto es una p\u00e1gina de ejemplo. Es diferente a una entrada porque permanece fija en un lugar y se mostrar\u00e1 en la navegaci\u00f3n de tu sitio (en la mayor\u00eda de los temas). La mayor\u00eda de la gente empieza con una p\u00e1gina de Acerca de, que les presenta a los potenciales visitantes del sitio. Podr\u00eda ser algo como esto:<\/p>\n<blockquote><p>\u00a1Hola! Soy mensajero por el d\u00eda, aspirante a actor por la noche, y este es mi blog. Vivo en Madrid, tengo un perrazo llamado Duque y me gustan las pi\u00f1as coladas (y que me pille un chaparr\u00f3n)<\/p><\/blockquote>\n<p>&#8230;o algo as\u00ed:<\/p>\n<blockquote><p>La empresa XYZ se fund\u00f3 en 1971 y ha estado ofreciendo \u00abcosas\u00bb de calidad al p\u00fablico desde entonces. Situada en Madrid, XYZ emplea a m\u00e1s de 2.000 personas y hace todo tipo de cosas sorprendentes para la comunidad de Madrid.<\/p><\/blockquote>\n<p>Si eres nuevo en WordPress deber\u00edas ir a <a href=\"http:\/\/cyfsrl.com.ar\/\/wp-admin\/\">tu escritorio<\/a> para borrar esta p\u00e1ginay crear p\u00e1ginas nuevas con tu propio contenido. \u00a1P\u00e1salo bien!<\/p>","protected":false},"excerpt":{"rendered":"<p>Esto es una p\u00e1gina de ejemplo. Es diferente a una entrada porque permanece fija en un lugar y se mostrar\u00e1 en la navegaci\u00f3n de tu sitio (en la mayor\u00eda de los temas). La mayor\u00eda de la gente empieza con una p\u00e1gina de Acerca de, que les presenta a los potenciales visitantes del sitio. Podr\u00eda ser [&hellip;]<\/p>\n","protected":false},"author":2,"featured_media":0,"parent":0,"menu_order":0,"comment_status":"open","ping_status":"open","template":"","meta":{"footnotes":""},"class_list":["post-2","page","type-page","status-publish","hentry"],"yoast_head":"<!-- This site is optimized with the Yoast SEO plugin v27.0 - https:\/\/yoast.com\/product\/yoast-seo-wordpress\/ -->\n<title>P\u00e1gina de ejemplo - C&amp;F S.R.L.<\/title>\n<meta name=\"robots\" content=\"index, follow, max-snippet:-1, max-image-preview:large, max-video-preview:-1\" \/>\n<link rel=\"canonical\" href=\"https:\/\/cyfsrl.com.ar\/en\/pagina-ejemplo\/\" \/>\n<meta property=\"og:locale\" content=\"en_US\" \/>\n<meta property=\"og:type\" content=\"article\" \/>\n<meta property=\"og:title\" content=\"P\u00e1gina de ejemplo - C&amp;F S.R.L.\" \/>\n<meta property=\"og:description\" content=\"Esto es una p\u00e1gina de ejemplo. Es diferente a una entrada porque permanece fija en un lugar y se mostrar\u00e1 en la navegaci\u00f3n de tu sitio (en la mayor\u00eda de los temas). La mayor\u00eda de la gente empieza con una p\u00e1gina de Acerca de, que les presenta a los potenciales visitantes del sitio. Podr\u00eda ser [&hellip;]\" \/>\n<meta property=\"og:url\" content=\"https:\/\/cyfsrl.com.ar\/en\/pagina-ejemplo\/\" \/>\n<meta property=\"og:site_name\" content=\"C&amp;F S.R.L.\" \/>\n<meta name=\"twitter:card\" content=\"summary_large_image\" \/>\n<meta name=\"twitter:label1\" content=\"Est. reading time\" \/>\n\t<meta name=\"twitter:data1\" content=\"1 minute\" \/>\n<script type=\"application\/ld+json\" class=\"yoast-schema-graph\">{\"@context\":\"https:\/\/schema.org\",\"@graph\":[{\"@type\":\"WebPage\",\"@id\":\"https:\/\/cyfsrl.com.ar\/pagina-ejemplo\/\",\"url\":\"https:\/\/cyfsrl.com.ar\/pagina-ejemplo\/\",\"name\":\"P\u00e1gina de ejemplo - C&amp;F S.R.L.\",\"isPartOf\":{\"@id\":\"https:\/\/cyfsrl.com.ar\/#website\"},\"datePublished\":\"2013-11-06T11:55:36+00:00\",\"breadcrumb\":{\"@id\":\"https:\/\/cyfsrl.com.ar\/pagina-ejemplo\/#breadcrumb\"},\"inLanguage\":\"en-US\",\"potentialAction\":[{\"@type\":\"ReadAction\",\"target\":[\"https:\/\/cyfsrl.com.ar\/pagina-ejemplo\/\"]}]},{\"@type\":\"BreadcrumbList\",\"@id\":\"https:\/\/cyfsrl.com.ar\/pagina-ejemplo\/#breadcrumb\",\"itemListElement\":[{\"@type\":\"ListItem\",\"position\":1,\"name\":\"Portada\",\"item\":\"https:\/\/cyfsrl.com.ar\/\"},{\"@type\":\"ListItem\",\"position\":2,\"name\":\"P\u00e1gina de ejemplo\"}]},{\"@type\":\"WebSite\",\"@id\":\"https:\/\/cyfsrl.com.ar\/#website\",\"url\":\"https:\/\/cyfsrl.com.ar\/\",\"name\":\"C&amp;F S.R.L.\",\"description\":\"\",\"publisher\":{\"@id\":\"https:\/\/cyfsrl.com.ar\/#organization\"},\"potentialAction\":[{\"@type\":\"SearchAction\",\"target\":{\"@type\":\"EntryPoint\",\"urlTemplate\":\"https:\/\/cyfsrl.com.ar\/?s={search_term_string}\"},\"query-input\":{\"@type\":\"PropertyValueSpecification\",\"valueRequired\":true,\"valueName\":\"search_term_string\"}}],\"inLanguage\":\"en-US\"},{\"@type\":\"Organization\",\"@id\":\"https:\/\/cyfsrl.com.ar\/#organization\",\"name\":\"C&amp;F S.R.L.\",\"url\":\"https:\/\/cyfsrl.com.ar\/\",\"logo\":{\"@type\":\"ImageObject\",\"inLanguage\":\"en-US\",\"@id\":\"https:\/\/cyfsrl.com.ar\/#\/schema\/logo\/image\/\",\"url\":\"https:\/\/cyfsrl.com.ar\/wp-content\/uploads\/2021\/11\/NOV-33-scaled.png\",\"contentUrl\":\"https:\/\/cyfsrl.com.ar\/wp-content\/uploads\/2021\/11\/NOV-33-scaled.png\",\"width\":2560,\"height\":1194,\"caption\":\"C&amp;F S.R.L.\"},\"image\":{\"@id\":\"https:\/\/cyfsrl.com.ar\/#\/schema\/logo\/image\/\"}}]}<\/script>\n<!-- \/ Yoast SEO plugin. -->","yoast_head_json":{"title":"P\u00e1gina de ejemplo - C&amp;F S.R.L.","robots":{"index":"index","follow":"follow","max-snippet":"max-snippet:-1","max-image-preview":"max-image-preview:large","max-video-preview":"max-video-preview:-1"},"canonical":"https:\/\/cyfsrl.com.ar\/en\/pagina-ejemplo\/","og_locale":"en_US","og_type":"article","og_title":"P\u00e1gina de ejemplo - C&amp;F S.R.L.","og_description":"Esto es una p\u00e1gina de ejemplo. Es diferente a una entrada porque permanece fija en un lugar y se mostrar\u00e1 en la navegaci\u00f3n de tu sitio (en la mayor\u00eda de los temas). La mayor\u00eda de la gente empieza con una p\u00e1gina de Acerca de, que les presenta a los potenciales visitantes del sitio. Podr\u00eda ser [&hellip;]","og_url":"https:\/\/cyfsrl.com.ar\/en\/pagina-ejemplo\/","og_site_name":"C&amp;F S.R.L.","twitter_card":"summary_large_image","twitter_misc":{"Est. reading time":"1 minute"},"schema":{"@context":"https:\/\/schema.org","@graph":[{"@type":"WebPage","@id":"https:\/\/cyfsrl.com.ar\/pagina-ejemplo\/","url":"https:\/\/cyfsrl.com.ar\/pagina-ejemplo\/","name":"P\u00e1gina de ejemplo - C&amp;F S.R.L.","isPartOf":{"@id":"https:\/\/cyfsrl.com.ar\/#website"},"datePublished":"2013-11-06T11:55:36+00:00","breadcrumb":{"@id":"https:\/\/cyfsrl.com.ar\/pagina-ejemplo\/#breadcrumb"},"inLanguage":"en-US","potentialAction":[{"@type":"ReadAction","target":["https:\/\/cyfsrl.com.ar\/pagina-ejemplo\/"]}]},{"@type":"BreadcrumbList","@id":"https:\/\/cyfsrl.com.ar\/pagina-ejemplo\/#breadcrumb","itemListElement":[{"@type":"ListItem","position":1,"name":"Portada","item":"https:\/\/cyfsrl.com.ar\/"},{"@type":"ListItem","position":2,"name":"P\u00e1gina de ejemplo"}]},{"@type":"WebSite","@id":"https:\/\/cyfsrl.com.ar\/#website","url":"https:\/\/cyfsrl.com.ar\/","name":"C&amp;F S.R.L.","description":"","publisher":{"@id":"https:\/\/cyfsrl.com.ar\/#organization"},"potentialAction":[{"@type":"SearchAction","target":{"@type":"EntryPoint","urlTemplate":"https:\/\/cyfsrl.com.ar\/?s={search_term_string}"},"query-input":{"@type":"PropertyValueSpecification","valueRequired":true,"valueName":"search_term_string"}}],"inLanguage":"en-US"},{"@type":"Organization","@id":"https:\/\/cyfsrl.com.ar\/#organization","name":"C&amp;F S.R.L.","url":"https:\/\/cyfsrl.com.ar\/","logo":{"@type":"ImageObject","inLanguage":"en-US","@id":"https:\/\/cyfsrl.com.ar\/#\/schema\/logo\/image\/","url":"https:\/\/cyfsrl.com.ar\/wp-content\/uploads\/2021\/11\/NOV-33-scaled.png","contentUrl":"https:\/\/cyfsrl.com.ar\/wp-content\/uploads\/2021\/11\/NOV-33-scaled.png","width":2560,"height":1194,"caption":"C&amp;F S.R.L."},"image":{"@id":"https:\/\/cyfsrl.com.ar\/#\/schema\/logo\/image\/"}}]}},"_links":{"self":[{"href":"https:\/\/cyfsrl.com.ar\/en\/wp-json\/wp\/v2\/pages\/2","targetHints":{"allow":["GET"]}}],"collection":[{"href":"https:\/\/cyfsrl.com.ar\/en\/wp-json\/wp\/v2\/pages"}],"about":[{"href":"https:\/\/cyfsrl.com.ar\/en\/wp-json\/wp\/v2\/types\/page"}],"author":[{"embeddable":true,"href":"https:\/\/cyfsrl.com.ar\/en\/wp-json\/wp\/v2\/users\/2"}],"replies":[{"embeddable":true,"href":"https:\/\/cyfsrl.com.ar\/en\/wp-json\/wp\/v2\/comments?post=2"}],"version-history":[{"count":0,"href":"https:\/\/cyfsrl.com.ar\/en\/wp-json\/wp\/v2\/pages\/2\/revisions"}],"wp:attachment":[{"href":"https:\/\/cyfsrl.com.ar\/en\/wp-json\/wp\/v2\/media?parent=2"}],"curies":[{"name":"wp","href":"https:\/\/api.w.org\/{rel}","templated":true}]}}